{"id":755,"date":"2023-08-29T17:08:21","date_gmt":"2023-08-29T15:08:21","guid":{"rendered":"https:\/\/waschtag.de\/?page_id=755"},"modified":"2023-09-01T12:45:19","modified_gmt":"2023-09-01T10:45:19","slug":"startseite","status":"publish","type":"page","link":"https:\/\/waschtag.de\/","title":{"rendered":"Startseite"},"content":{"rendered":"\n<h2 class=\"wp-block-heading alignwide\"><strong>Unterst\u00fctzung bei komplexen Ver\u00e4nderungsprojekten<\/strong><\/h2>\n\n\n\n<div class=\"wp-block-buttons alignwide is-layout-flex wp-block-buttons-is-layout-flex\">\n<div class=\"wp-block-button has-custom-font-size has-large-font-size\"><a class=\"wp-block-button__link has-black-color has-text-color has-text-align-left wp-element-button\">Bei der Digitalisierung von Gesch\u00e4ftsprozessen steht h\u00e4ufig die Frage nach der Technologie im Vordergrund. Die Investition in einen digitalen Gesch\u00e4ftsprozess wird am erfolgreichsten in der Umsetzung, wenn am Anfang die Kundenerfahrung steht. Daher ist es oftmals sinnvoll bestehende digitale Initiativen, die ausschlie\u00dflich mit der Implementierung neuer Technologien besch\u00e4ftig sind, auf den Pr\u00fcfstand zu stellen. Am vielversprechendsten sind Projekte, die mit relativ begrenztem Aufwand von einem Kundenproblem \u00fcber die Prozesse zur relevanten User-Story gelangen.<\/a><\/div>\n<\/div>\n\n\n\n<hr class=\"wp-block-separator has-alpha-channel-opacity\"\/>\n\n\n\n<h2 class=\"wp-block-heading alignwide\">Leistungen<\/h2>\n\n\n\n<div class=\"wp-block-buttons alignwide is-layout-flex wp-block-buttons-is-layout-flex\">\n<div class=\"wp-block-button has-custom-font-size has-large-font-size\"><a class=\"wp-block-button__link has-black-color has-text-color has-text-align-left wp-element-button\">Programmanagement und Stakeholdermanagement zur Priorisierung, Steuerung und Unterst\u00fctzung funktions\u00fcbergreifender Teams in den unterschiedlichen Innovations-Initiativen. Projektmanagement in einem agilen Umfeld (Planung, Budget &amp; Ressourcen, sowie Risiken &amp; Chancen und regelm\u00e4\u00dfige Berichterstattung). <br>Etablierung von robusten Strukturen, Formaten und Prozessen, die unerl\u00e4sslich sind, um innovative Ideen von der Konzeption bis zum greifbaren Prototypen zu entwickeln. Ziel ist es mit verschiedenen Gesch\u00e4ftsbereichen zusammenzuarbeiten, um eine Innovationskultur in der gesamten Organisation zu f\u00f6rdern und bew\u00e4hrte Prototypen effektiv zu implementieren und zu skalieren.<\/a><\/div>\n<\/div>\n\n\n\n<hr class=\"wp-block-separator has-alpha-channel-opacity\"\/>\n\n\n\n<h2 class=\"wp-block-heading alignwide\">Cases<\/h2>\n\n\n\n<div class=\"wp-block-columns alignwide is-layout-flex wp-container-6 wp-block-columns-is-layout-flex\">\n<div class=\"wp-block-column is-layout-flow wp-block-column-is-layout-flow\">\n<hr class=\"wp-block-separator has-css-opacity is-style-wide\"\/>\n\n\n\n<h2 class=\"wp-block-heading has-text-align-center\" id=\"1\" style=\"font-size:var(--wp--custom--typography--font-size--gigantic, clamp(2.75rem, 6vw, 3.25rem));line-height:0.5\"><img decoding=\"async\" loading=\"lazy\" width=\"833\" height=\"625\" class=\"wp-image-613\" style=\"width: 150px;\" src=\"http:\/\/waschtag.de\/wp-content\/uploads\/2023\/08\/01_einzelillus-56-Kopie.png\" alt=\"\" srcset=\"https:\/\/waschtag.de\/wp-content\/uploads\/2023\/08\/01_einzelillus-56-Kopie.png 833w, https:\/\/waschtag.de\/wp-content\/uploads\/2023\/08\/01_einzelillus-56-Kopie-300x225.png 300w, https:\/\/waschtag.de\/wp-content\/uploads\/2023\/08\/01_einzelillus-56-Kopie-768x576.png 768w\" sizes=\"(max-width: 833px) 100vw, 833px\" \/><\/h2>\n\n\n\n<h3 class=\"wp-block-heading has-medium-font-size\" id=\"pigeon\"><em><strong>Project Management Office (PMO) zur Verbesserung der operativen Resilienz innerhalb der IT<\/strong><\/em><\/h3>\n\n\n\n<p>Aufbau und Umsetzung der Projektstandards in einer agilen Projektumgebung zur Unterst\u00fctzung der Projektteams und Fachexperten (u.a. Azure DevOps).<\/p>\n<\/div>\n\n\n\n<div class=\"wp-block-column is-layout-flow wp-block-column-is-layout-flow\">\n<hr class=\"wp-block-separator has-css-opacity is-style-wide\"\/>\n\n\n\n<h2 class=\"wp-block-heading has-text-align-center\" id=\"2\" style=\"font-size:clamp(2.75rem, 6vw, 3.25rem);line-height:0.5\"><img decoding=\"async\" loading=\"lazy\" width=\"833\" height=\"625\" class=\"wp-image-620\" style=\"width: 150px;\" src=\"http:\/\/waschtag.de\/wp-content\/uploads\/2023\/08\/01_einzelillus-55-Kopie.png\" alt=\"\" srcset=\"https:\/\/waschtag.de\/wp-content\/uploads\/2023\/08\/01_einzelillus-55-Kopie.png 833w, https:\/\/waschtag.de\/wp-content\/uploads\/2023\/08\/01_einzelillus-55-Kopie-300x225.png 300w, https:\/\/waschtag.de\/wp-content\/uploads\/2023\/08\/01_einzelillus-55-Kopie-768x576.png 768w\" sizes=\"(max-width: 833px) 100vw, 833px\" \/><\/h2>\n\n\n\n<h3 class=\"wp-block-heading has-medium-font-size\" id=\"sparrow\"><strong>Transformation Management Office f\u00fcr eine digitale Offensive<\/strong> (Office365, Prozessmanagement, Signavio)<\/h3>\n\n\n\n<p>PMO f\u00fcr das \u00fcbergreifenden digitale Transformations-programms; Entwicklung von Prozessen &amp; Rollen in Management-Workshops zur Einf\u00fchrung eines Prozessmanagements (BPMN) mit Signavio.<\/p>\n\n\n\n<div style=\"height:16px\" aria-hidden=\"true\" class=\"wp-block-spacer\"><\/div>\n<\/div>\n\n\n\n<div class=\"wp-block-column is-layout-flow wp-block-column-is-layout-flow\">\n<hr class=\"wp-block-separator has-css-opacity is-style-wide\"\/>\n\n\n\n<h2 class=\"wp-block-heading has-text-align-center\" id=\"3\" style=\"font-size:clamp(2.75rem, 6vw, 3.25rem);line-height:0.5\"><img decoding=\"async\" loading=\"lazy\" width=\"833\" height=\"625\" class=\"wp-image-645\" style=\"width: 150px;\" src=\"http:\/\/waschtag.de\/wp-content\/uploads\/2023\/08\/01_einzelillus-21-Kopie.png\" alt=\"\" srcset=\"https:\/\/waschtag.de\/wp-content\/uploads\/2023\/08\/01_einzelillus-21-Kopie.png 833w, https:\/\/waschtag.de\/wp-content\/uploads\/2023\/08\/01_einzelillus-21-Kopie-300x225.png 300w, https:\/\/waschtag.de\/wp-content\/uploads\/2023\/08\/01_einzelillus-21-Kopie-768x576.png 768w\" sizes=\"(max-width: 833px) 100vw, 833px\" \/><\/h2>\n\n\n\n<h3 class=\"wp-block-heading has-medium-font-size\" id=\"falcon\"><em><strong><strong>Plattform f\u00fcr digitale Initiativen<\/strong> im IT Service Management<\/strong><\/em><br><\/h3>\n\n\n\n<p>Einrichtung und Mobilisierung von Workstreams f\u00fcr den Wissens- und Erfolgsaustausch zwischen IT-Initiativen. Erstellung eines Kommunikationsplans, Nachverfolgung der wichtigsten Ergebnisse und Budget-Controlling.<\/p>\n\n\n\n<div style=\"height:16px\" aria-hidden=\"true\" class=\"wp-block-spacer\"><\/div>\n<\/div>\n<\/div>\n\n\n\n<div class=\"wp-block-columns alignwide is-layout-flex wp-container-10 wp-block-columns-is-layout-flex\">\n<div class=\"wp-block-column is-layout-flow wp-block-column-is-layout-flow\">\n<hr class=\"wp-block-separator has-css-opacity is-style-wide\"\/>\n\n\n\n<h2 class=\"wp-block-heading has-text-align-center\" id=\"1\" style=\"font-size:var(--wp--custom--typography--font-size--gigantic, clamp(2.75rem, 6vw, 3.25rem));line-height:0.5\"><img decoding=\"async\" loading=\"lazy\" width=\"833\" height=\"625\" class=\"wp-image-670\" style=\"width: 150px;\" src=\"http:\/\/waschtag.de\/wp-content\/uploads\/2023\/08\/01_einzelillus-66-Kopie.png\" alt=\"\" srcset=\"https:\/\/waschtag.de\/wp-content\/uploads\/2023\/08\/01_einzelillus-66-Kopie.png 833w, https:\/\/waschtag.de\/wp-content\/uploads\/2023\/08\/01_einzelillus-66-Kopie-300x225.png 300w, https:\/\/waschtag.de\/wp-content\/uploads\/2023\/08\/01_einzelillus-66-Kopie-768x576.png 768w\" sizes=\"(max-width: 833px) 100vw, 833px\" \/><\/h2>\n\n\n\n<h3 class=\"wp-block-heading has-medium-font-size\" id=\"pigeon\">Responsibility &amp; Task Transfer f\u00fcr den Zusammenschluss von Organisations-Einheiten in der IT<\/h3>\n\n\n\n<p>Projektmanagement unterst\u00fctzt durch ein Jira-Tool f\u00fcr den Zusammenschluss von IT-Teilbereichen aus zwei Konzernen.<\/p>\n<\/div>\n\n\n\n<div class=\"wp-block-column is-layout-flow wp-block-column-is-layout-flow\">\n<hr class=\"wp-block-separator has-css-opacity is-style-wide\"\/>\n\n\n\n<h2 class=\"wp-block-heading has-text-align-center\" id=\"2\" style=\"font-size:clamp(2.75rem, 6vw, 3.25rem);line-height:0.5\"><img decoding=\"async\" loading=\"lazy\" width=\"833\" height=\"625\" class=\"wp-image-672\" style=\"width: 150px;\" src=\"http:\/\/waschtag.de\/wp-content\/uploads\/2023\/08\/01_einzelillus-27-Kopie.png\" alt=\"\" srcset=\"https:\/\/waschtag.de\/wp-content\/uploads\/2023\/08\/01_einzelillus-27-Kopie.png 833w, https:\/\/waschtag.de\/wp-content\/uploads\/2023\/08\/01_einzelillus-27-Kopie-300x225.png 300w, https:\/\/waschtag.de\/wp-content\/uploads\/2023\/08\/01_einzelillus-27-Kopie-768x576.png 768w\" sizes=\"(max-width: 833px) 100vw, 833px\" \/><\/h2>\n\n\n\n<h3 class=\"wp-block-heading has-medium-font-size\" id=\"sparrow\"><strong>Project Management Office (PMO) zur Erneuerung von IT-Servicevertr\u00e4gen<\/strong><\/h3>\n\n\n\n<p>Stakeholder-Management und Kommunikations-Planung beginnend mit der IT-Sourcing-Strategie, gefolgt von Verhandlungen mit den beiden gr\u00f6\u00dften Dienstleistern. Vertragswert im hohen 3-stelligen Millionenbereich \u00fcber 5 Jahre.<\/p>\n\n\n\n<div style=\"height:16px\" aria-hidden=\"true\" class=\"wp-block-spacer\"><\/div>\n<\/div>\n\n\n\n<div class=\"wp-block-column is-layout-flow wp-block-column-is-layout-flow\">\n<hr class=\"wp-block-separator has-css-opacity is-style-wide\"\/>\n\n\n\n<h2 class=\"wp-block-heading has-text-align-center\" id=\"3\" style=\"font-size:clamp(2.75rem, 6vw, 3.25rem);line-height:0.5\"><img decoding=\"async\" loading=\"lazy\" width=\"833\" height=\"625\" class=\"wp-image-673\" style=\"width: 150px;\" src=\"http:\/\/waschtag.de\/wp-content\/uploads\/2023\/08\/01_einzelillus-6-Kopie.png\" alt=\"\" srcset=\"https:\/\/waschtag.de\/wp-content\/uploads\/2023\/08\/01_einzelillus-6-Kopie.png 833w, https:\/\/waschtag.de\/wp-content\/uploads\/2023\/08\/01_einzelillus-6-Kopie-300x225.png 300w, https:\/\/waschtag.de\/wp-content\/uploads\/2023\/08\/01_einzelillus-6-Kopie-768x576.png 768w\" sizes=\"(max-width: 833px) 100vw, 833px\" \/><\/h2>\n\n\n\n<h3 class=\"wp-block-heading has-medium-font-size\" id=\"falcon\"><em><em><strong><strong>IT Knowledge Transfer<\/strong><\/strong><\/em><\/em> f\u00fcr das Outsourcing von Services<\/h3>\n\n\n\n<p>Entwicklung eines systematischen Wissenstransfers f\u00fcr den schrittweisen Outsourcing-Ansatz von Shared IT Services an neue externe Anbieter.<\/p>\n\n\n\n<div style=\"height:16px\" aria-hidden=\"true\" class=\"wp-block-spacer\"><\/div>\n<\/div>\n<\/div>\n\n\n\n<hr class=\"wp-block-separator has-alpha-channel-opacity\"\/>\n\n\n\n<h2 class=\"wp-block-heading alignwide\">Waschtag<\/h2>\n\n\n\n<div class=\"wp-block-columns alignwide are-vertically-aligned-center is-layout-flex wp-container-13 wp-block-columns-is-layout-flex\">\n<div class=\"wp-block-column is-vertically-aligned-center is-layout-flow wp-block-column-is-layout-flow\">\n<div class=\"wp-block-buttons is-content-justification-left is-layout-flex wp-container-11 wp-block-buttons-is-layout-flex\">\n<div class=\"wp-block-button has-custom-font-size has-large-font-size\"><a class=\"wp-block-button__link has-black-color has-text-color has-text-align-left wp-element-button\">waschtag.de wurde als Domain f\u00fcr die Gesch\u00e4ftsidee einer Hemdenw\u00e4scherei angeschafft: &#8222;Hemden waschen und b\u00fcgeln zum bestm\u00f6glichen Preis-\/Leistungsverh\u00e4ltnis durch den Einsatz modernster Technik im Bereich Finishing (B\u00fcgeln) und optimierter Prozesse beim Abgeben und Abholen der Hemden.&#8220;<br>Zur Umsetzung ist es nicht gekommen, das Prinzip dahinter ist geblieben &#8211; Digital BPM. <\/a><\/div>\n<\/div>\n<\/div>\n<\/div>\n","protected":false},"excerpt":{"rendered":"<p>Unterst\u00fctzung bei komplexen Ver\u00e4nderungsprojekten Leistungen Cases Project Management Office (PMO) zur Verbesserung der operativen Resilienz innerhalb der IT Aufbau und Umsetzung der Projektstandards in einer agilen Projektumgebung zur Unterst\u00fctzung der Projektteams und Fachexperten (u.a. Azure DevOps). Transformation Management Office f\u00fcr eine digitale Offensive (Office365, Prozessmanagement, Signavio) PMO f\u00fcr das \u00fcbergreifenden digitale Transformations-programms; Entwicklung von Prozessen [&hellip;]<\/p>\n","protected":false},"author":1,"featured_media":0,"parent":0,"menu_order":0,"comment_status":"closed","ping_status":"closed","template":"d_bpm-start","meta":{"_themeisle_gutenberg_block_has_review":false,"footnotes":""},"_links":{"self":[{"href":"https:\/\/waschtag.de\/index.php?rest_route=\/wp\/v2\/pages\/755"}],"collection":[{"href":"https:\/\/waschtag.de\/index.php?rest_route=\/wp\/v2\/pages"}],"about":[{"href":"https:\/\/waschtag.de\/index.php?rest_route=\/wp\/v2\/types\/page"}],"author":[{"embeddable":true,"href":"https:\/\/waschtag.de\/index.php?rest_route=\/wp\/v2\/users\/1"}],"replies":[{"embeddable":true,"href":"https:\/\/waschtag.de\/index.php?rest_route=%2Fwp%2Fv2%2Fcomments&post=755"}],"version-history":[{"count":47,"href":"https:\/\/waschtag.de\/index.php?rest_route=\/wp\/v2\/pages\/755\/revisions"}],"predecessor-version":[{"id":972,"href":"https:\/\/waschtag.de\/index.php?rest_route=\/wp\/v2\/pages\/755\/revisions\/972"}],"wp:attachment":[{"href":"https:\/\/waschtag.de\/index.php?rest_route=%2Fwp%2Fv2%2Fmedia&parent=755"}],"curies":[{"name":"wp","href":"https:\/\/api.w.org\/{rel}","templated":true}]}}