{"id":906,"date":"2023-08-31T15:32:22","date_gmt":"2023-08-31T13:32:22","guid":{"rendered":"https:\/\/waschtag.de\/?page_id=906"},"modified":"2023-09-01T11:04:16","modified_gmt":"2023-09-01T09:04:16","slug":"about-me-ger","status":"publish","type":"page","link":"https:\/\/waschtag.de\/?page_id=906","title":{"rendered":"About Me GER"},"content":{"rendered":"\n<figure class=\"wp-block-image alignright size-full is-resized is-style-rounded\"><img decoding=\"async\" loading=\"lazy\" src=\"https:\/\/waschtag.de\/wp-content\/uploads\/2023\/08\/TL-07_2023-v01.jpg\" alt=\"\" class=\"wp-image-859\" style=\"object-fit:contain;width:364px;height:364px\" width=\"364\" height=\"364\" srcset=\"https:\/\/waschtag.de\/wp-content\/uploads\/2023\/08\/TL-07_2023-v01.jpg 333w, https:\/\/waschtag.de\/wp-content\/uploads\/2023\/08\/TL-07_2023-v01-300x300.jpg 300w, https:\/\/waschtag.de\/wp-content\/uploads\/2023\/08\/TL-07_2023-v01-150x150.jpg 150w\" sizes=\"(max-width: 364px) 100vw, 364px\" \/><\/figure>\n\n\n\n<div class=\"wp-block-group alignwide is-layout-flow wp-block-group-is-layout-flow\">\n<h2 class=\"wp-block-heading\">About Me<\/h2>\n\n\n\n<p class=\"has-large-font-size\" style=\"padding-top:0;padding-right:var(--wp--preset--spacing--80);padding-bottom:0;padding-left:var(--wp--preset--spacing--80)\">Mein Name ist Tobias Lutter und ich bin ein erfahrener Programm Manager. Mein beruflicher Werdegang als Berater begann mit Risk und Audit Services bei Dr\u00e4ger und als Manager bei Ernst &amp; Young. Meinen Interessen f\u00fcr Unternehmensgr\u00fcndungen (Auszeichnung Start UP Wettbewerb Hamburg) und automatisierte Prozesse folgend, habe ich 2012 mein MBA an der Nordakademie mit den Schwerpunkten BPM und Enterprise 2.0 abgeschlossen.<\/p>\n\n\n\n<p class=\"has-large-font-size\" style=\"padding-top:0;padding-right:var(--wp--preset--spacing--80);padding-bottom:0;padding-left:var(--wp--preset--spacing--80)\">Im Jahr 2013 begann  mein erstes Projekt in einem multinationalen Energieunternehmen und ich erwartete nicht mehr als eine konservative Unternehmenskultur und veraltete Prozesse. Bis zu einem gewissen Grad war das auch durchaus der Fall, aber die Geschwindigkeit des Wandels war ziemlich beeindruckend. Meine Projekte begannen agil zu werden, zu einem Zeitpunkt, als Scrum noch nicht einmal ein Modewort war und wir uns im Projekt daf\u00fcr rechtfertigen mussten, MS Project nicht mehr einzusetzen.<\/p>\n\n\n\n<p class=\"has-large-font-size\" style=\"padding-top:0;padding-right:var(--wp--preset--spacing--80);padding-bottom:0;padding-left:var(--wp--preset--spacing--80)\"><br>Durch sich \u00e4ndernde Rahmenbedingungen entstanden neue Anforderungen an bereits laufende Projekte und die Anforderungen an die laufenden Programme und die damit verbundene Kommunikation f\u00fchrte zum ersten Einsatz agiler Projekt-Plattformen (u.a. auf der Basis von Jira). Die Aufspaltung eines multinationalen Unternehmens in zwei Teile und neue Gesellschafter waren dabei einige der gro\u00dfen Herausforderungen in meinen Projekten.<br><br>Meine Beratungsauftr\u00e4ge umfassen sowohl multinationale Konzerne als auch mittelst\u00e4ndische Unternehmen aus den Bereichen Energieerzeugung, Automotive, Maschinenbau und Medizintechnik.<br><br>Entscheidend f\u00fcr meinen Projekterfolg ist dich nachhaltige Verbesserung der Teamleistung, indem ich dem Team die Kontrolle \u00fcber seine Arbeit gebe. Das bedeutet, flexibel und transparent zu sein, wenn es um die Arbeitsbelastung geht (agil, kollaborativ) und auch pers\u00f6nliche Bed\u00fcrfnisse zu unterst\u00fctzen, um eine solide Grundlage f\u00fcr die Arbeit mit sich schnell \u00e4ndernden Rahmenbedingungen zu schaffen.<\/p>\n<\/div>\n\n\n\n<hr class=\"wp-block-separator has-alpha-channel-opacity\"\/>\n\n\n\n<div style=\"height:17px\" aria-hidden=\"true\" class=\"wp-block-spacer\"><\/div>\n\n\n\n<div class=\"wp-block-group alignwide is-layout-flow wp-block-group-is-layout-flow\">\n<h2 class=\"wp-block-heading\">Zusammenfassung<\/h2>\n\n\n\n<div id=\"wp-block-themeisle-blocks-icon-list-2e1cd1e2\" class=\"wp-block-themeisle-blocks-icon-list\">\n<div id=\"wp-block-themeisle-blocks-icon-list-item-21182bd7\" class=\"wp-block-themeisle-blocks-icon-list-item\"><i class=\"fas fa-anchor wp-block-themeisle-blocks-icon-list-item-icon-custom\"><\/i><p class=\"wp-block-themeisle-blocks-icon-list-item-content-custom\">15+ Jahre Projekterfahrung mit Fokus auf digitale Transformation, Prozessverbesserung und Corporate Governance<\/p><\/div>\n\n\n\n<div id=\"wp-block-themeisle-blocks-icon-list-item-800e5087\" class=\"wp-block-themeisle-blocks-icon-list-item\"><i class=\"fas fa-anchor wp-block-themeisle-blocks-icon-list-item-icon-custom\"><\/i><p class=\"wp-block-themeisle-blocks-icon-list-item-content-custom\">Lead Project Management Office bei Strategie- und Transformationsprojekte f\u00fcr multinationale Unternehmen und verantwortlich f\u00fcr das Senior Stakeholder Management<\/p><\/div>\n\n\n\n<div id=\"wp-block-themeisle-blocks-icon-list-item-7ad1362c\" class=\"wp-block-themeisle-blocks-icon-list-item\"><i class=\"fas fa-anchor wp-block-themeisle-blocks-icon-list-item-icon-custom\"><\/i><p class=\"wp-block-themeisle-blocks-icon-list-item-content\">Professioneller Hintergrund im Bereich Audit und Risk Management (Certified Internal Auditor)<\/p><\/div>\n\n\n\n<div id=\"wp-block-themeisle-blocks-icon-list-item-4f95c234\" class=\"wp-block-themeisle-blocks-icon-list-item\"><i class=\"fas fa-anchor wp-block-themeisle-blocks-icon-list-item-icon-custom\"><\/i><p class=\"wp-block-themeisle-blocks-icon-list-item-content\">Hamburger, 10 Mal Teilnahme am Cyclassics-Stra\u00dfenrennen , Gitarrist bei den Thunderdays o.\u00e4. (nicht sch\u00f6n, aber laut)<\/p><\/div>\n<\/div>\n<\/div>\n\n\n\n<hr class=\"wp-block-separator has-alpha-channel-opacity\"\/>\n\n\n\n<div style=\"height:17px\" aria-hidden=\"true\" class=\"wp-block-spacer\"><\/div>\n\n\n\n<div class=\"wp-block-group alignwide is-layout-flow wp-block-group-is-layout-flow\">\n<h2 class=\"wp-block-heading\">Beruflicher Werdegang<\/h2>\n\n\n\n<div class=\"wp-block-columns has-large-font-size is-layout-flex wp-container-5 wp-block-columns-is-layout-flex\" style=\"padding-right:var(--wp--preset--spacing--80);padding-left:var(--wp--preset--spacing--80)\">\n<div class=\"wp-block-column has-tertiary-color has-text-color has-medium-font-size is-layout-flow wp-block-column-is-layout-flow\" style=\"flex-basis:16%\">\n<p class=\"has-large-font-size\">2013 &#8211; 2023<\/p>\n<\/div>\n\n\n\n<div class=\"wp-block-column has-black-color has-text-color has-medium-font-size is-layout-flow wp-block-column-is-layout-flow\" style=\"flex-basis:75%\">\n<p class=\"has-large-font-size\">Prokurist, Senior Consultant<br>bps business process solutions GmbH, Hamburg<\/p>\n<\/div>\n<\/div>\n\n\n\n<div class=\"wp-block-columns is-layout-flex wp-container-8 wp-block-columns-is-layout-flex\" style=\"padding-right:var(--wp--preset--spacing--80);padding-left:var(--wp--preset--spacing--80)\">\n<div class=\"wp-block-column has-tertiary-color has-text-color has-medium-font-size is-layout-flow wp-block-column-is-layout-flow\" style=\"flex-basis:16%\">\n<p class=\"has-large-font-size\">2010 &#8211; 2012<\/p>\n<\/div>\n\n\n\n<div class=\"wp-block-column has-black-color has-text-color has-medium-font-size is-layout-flow wp-block-column-is-layout-flow\" style=\"flex-basis:75%\">\n<p class=\"has-large-font-size\">Part time MBA &amp; Projekt Leiter BilMoG (Internal Audit &amp; Risk Management)<br>Hamburger Hafen &amp; Logistik AG, Hamburg<\/p>\n<\/div>\n<\/div>\n\n\n\n<div class=\"wp-block-columns has-large-font-size is-layout-flex wp-container-11 wp-block-columns-is-layout-flex\" style=\"padding-right:var(--wp--preset--spacing--80);padding-left:var(--wp--preset--spacing--80)\">\n<div class=\"wp-block-column has-tertiary-color has-text-color has-medium-font-size is-layout-flow wp-block-column-is-layout-flow\" style=\"flex-basis:16%\">\n<p class=\"has-large-font-size\">2006 &#8211; 2010<\/p>\n<\/div>\n\n\n\n<div class=\"wp-block-column has-black-color has-text-color has-medium-font-size is-layout-flow wp-block-column-is-layout-flow\" style=\"flex-basis:75%\">\n<p class=\"has-large-font-size\">Gesch\u00e4ftsf\u00fchrer &amp; Franchise Partner <br>Waschtag GmbH &amp; BackWerk Eidelstedt, Hamburg<\/p>\n<\/div>\n<\/div>\n\n\n\n<div class=\"wp-block-columns has-large-font-size is-layout-flex wp-container-14 wp-block-columns-is-layout-flex\" style=\"padding-right:var(--wp--preset--spacing--80);padding-left:var(--wp--preset--spacing--80)\">\n<div class=\"wp-block-column has-tertiary-color has-text-color has-medium-font-size is-layout-flow wp-block-column-is-layout-flow\" style=\"flex-basis:16%\">\n<p class=\"has-large-font-size\">2001 &#8211; 2005<\/p>\n<\/div>\n\n\n\n<div class=\"wp-block-column has-black-color has-text-color has-medium-font-size is-layout-flow wp-block-column-is-layout-flow\" style=\"flex-basis:75%\">\n<p class=\"has-large-font-size\">Prokurist, Manger Risk Advisory Services<br>Ernst &amp; Young D\u00fcsseldorf<\/p>\n<\/div>\n<\/div>\n\n\n\n<div class=\"wp-block-columns is-layout-flex wp-container-17 wp-block-columns-is-layout-flex\" style=\"padding-right:var(--wp--preset--spacing--80);padding-left:var(--wp--preset--spacing--80)\">\n<div class=\"wp-block-column has-tertiary-color has-text-color has-medium-font-size is-layout-flow wp-block-column-is-layout-flow\" style=\"flex-basis:16%\">\n<p class=\"has-large-font-size\">1998 &#8211; 2001<\/p>\n<\/div>\n\n\n\n<div class=\"wp-block-column has-black-color has-text-color has-medium-font-size is-layout-flow wp-block-column-is-layout-flow\" style=\"flex-basis:75%\">\n<p class=\"has-large-font-size\">Referent Corporate Audit<br>Dr\u00e4gerwerk AG, L\u00fcbeck<\/p>\n<\/div>\n<\/div>\n\n\n\n<div class=\"wp-block-columns is-layout-flex wp-container-20 wp-block-columns-is-layout-flex\" style=\"padding-right:var(--wp--preset--spacing--80);padding-left:var(--wp--preset--spacing--80)\">\n<div class=\"wp-block-column has-tertiary-color has-text-color has-medium-font-size is-layout-flow wp-block-column-is-layout-flow\" style=\"flex-basis:16%\">\n<p class=\"has-large-font-size\">1996 &#8211; 1998<\/p>\n<\/div>\n\n\n\n<div class=\"wp-block-column has-black-color has-text-color has-medium-font-size is-layout-flow wp-block-column-is-layout-flow\" style=\"flex-basis:75%\">\n<p class=\"has-large-font-size\">Co-founder Taco Taco Hamburg<br>Franchise-Konzept tex-mex Fast Food<\/p>\n<\/div>\n<\/div>\n\n\n\n<p><\/p>\n<\/div>\n","protected":false},"excerpt":{"rendered":"<p>About Me Mein Name ist Tobias Lutter und ich bin ein erfahrener Programm Manager. Mein beruflicher Werdegang als Berater begann mit Risk und Audit Services bei Dr\u00e4ger und als Manager bei Ernst &amp; Young. Meinen Interessen f\u00fcr Unternehmensgr\u00fcndungen (Auszeichnung Start UP Wettbewerb Hamburg) und automatisierte Prozesse folgend, habe ich 2012 mein MBA an der Nordakademie [&hellip;]<\/p>\n","protected":false},"author":1,"featured_media":0,"parent":0,"menu_order":0,"comment_status":"closed","ping_status":"closed","template":"d_bpm-about-me","meta":{"_themeisle_gutenberg_block_has_review":false,"footnotes":""},"_links":{"self":[{"href":"https:\/\/waschtag.de\/index.php?rest_route=\/wp\/v2\/pages\/906"}],"collection":[{"href":"https:\/\/waschtag.de\/index.php?rest_route=\/wp\/v2\/pages"}],"about":[{"href":"https:\/\/waschtag.de\/index.php?rest_route=\/wp\/v2\/types\/page"}],"author":[{"embeddable":true,"href":"https:\/\/waschtag.de\/index.php?rest_route=\/wp\/v2\/users\/1"}],"replies":[{"embeddable":true,"href":"https:\/\/waschtag.de\/index.php?rest_route=%2Fwp%2Fv2%2Fcomments&post=906"}],"version-history":[{"count":4,"href":"https:\/\/waschtag.de\/index.php?rest_route=\/wp\/v2\/pages\/906\/revisions"}],"predecessor-version":[{"id":974,"href":"https:\/\/waschtag.de\/index.php?rest_route=\/wp\/v2\/pages\/906\/revisions\/974"}],"wp:attachment":[{"href":"https:\/\/waschtag.de\/index.php?rest_route=%2Fwp%2Fv2%2Fmedia&parent=906"}],"curies":[{"name":"wp","href":"https:\/\/api.w.org\/{rel}","templated":true}]}}