{"id":921,"date":"2023-08-31T17:47:19","date_gmt":"2023-08-31T15:47:19","guid":{"rendered":"https:\/\/waschtag.de\/?page_id=921"},"modified":"2023-09-12T11:40:56","modified_gmt":"2023-09-12T09:40:56","slug":"cases-ger","status":"publish","type":"page","link":"https:\/\/waschtag.de\/?page_id=921","title":{"rendered":"Cases GER"},"content":{"rendered":"\n<h2 class=\"wp-block-heading alignwide\">Cases<\/h2>\n\n\n\n<div class=\"wp-block-columns alignwide is-layout-flex wp-container-4 wp-block-columns-is-layout-flex\">\n<div class=\"wp-block-column is-layout-flow wp-block-column-is-layout-flow\">\n<hr class=\"wp-block-separator has-css-opacity is-style-wide\"\/>\n\n\n\n<h2 class=\"wp-block-heading has-text-align-center\" id=\"1\" style=\"font-size:26px;line-height:0.5\"><img decoding=\"async\" loading=\"lazy\" width=\"833\" height=\"625\" class=\"wp-image-613\" style=\"width: 300px;\" src=\"http:\/\/waschtag.de\/wp-content\/uploads\/2023\/08\/01_einzelillus-56-Kopie.png\" alt=\"\" srcset=\"https:\/\/waschtag.de\/wp-content\/uploads\/2023\/08\/01_einzelillus-56-Kopie.png 833w, https:\/\/waschtag.de\/wp-content\/uploads\/2023\/08\/01_einzelillus-56-Kopie-300x225.png 300w, https:\/\/waschtag.de\/wp-content\/uploads\/2023\/08\/01_einzelillus-56-Kopie-768x576.png 768w\" sizes=\"(max-width: 833px) 100vw, 833px\" \/><\/h2>\n\n\n\n<h3 class=\"wp-block-heading has-large-font-size\" id=\"pigeon\"><strong>Project Management Office (PMO) zur Verbesserung der operativen Resilienz innerhalb der IT<\/strong><\/h3>\n\n\n\n<p class=\"has-large-font-size\">Aufbau und Umsetzung der Projektstandards in einer agilen Projektumgebung zur Unterst\u00fctzung der Projektteams und Fachexperten (u.a. Azure DevOps).<\/p>\n<\/div>\n\n\n\n<div class=\"wp-block-column is-layout-flow wp-block-column-is-layout-flow\">\n<hr class=\"wp-block-separator has-css-opacity is-style-wide\"\/>\n\n\n\n<h2 class=\"wp-block-heading has-text-align-center\" id=\"2\" style=\"font-size:clamp(2.75rem, 6vw, 3.25rem);line-height:0.5\"><img decoding=\"async\" loading=\"lazy\" width=\"833\" height=\"625\" class=\"wp-image-620\" style=\"width: 300px;\" src=\"http:\/\/waschtag.de\/wp-content\/uploads\/2023\/08\/01_einzelillus-55-Kopie.png\" alt=\"\" srcset=\"https:\/\/waschtag.de\/wp-content\/uploads\/2023\/08\/01_einzelillus-55-Kopie.png 833w, https:\/\/waschtag.de\/wp-content\/uploads\/2023\/08\/01_einzelillus-55-Kopie-300x225.png 300w, https:\/\/waschtag.de\/wp-content\/uploads\/2023\/08\/01_einzelillus-55-Kopie-768x576.png 768w\" sizes=\"(max-width: 833px) 100vw, 833px\" \/><\/h2>\n\n\n\n<h3 class=\"wp-block-heading has-large-font-size\" id=\"sparrow\"><strong>Transformation Management Office f\u00fcr eine digitale Offensive<\/strong> (Office365, Prozessmanagement, Signavio)<\/h3>\n\n\n\n<p class=\"has-large-font-size\">PMO f\u00fcr das \u00fcbergreifende digitale Transformations-programm; Entwicklung von Prozessen &amp; Rollen in Management-Workshops zur Einf\u00fchrung eines Prozessmanagements (BPMN) mit Signavio.<\/p>\n\n\n\n<div style=\"height:16px\" aria-hidden=\"true\" class=\"wp-block-spacer\"><\/div>\n<\/div>\n\n\n\n<div class=\"wp-block-column is-layout-flow wp-block-column-is-layout-flow\">\n<hr class=\"wp-block-separator has-css-opacity is-style-wide\"\/>\n\n\n\n<h2 class=\"wp-block-heading has-text-align-center\" id=\"3\" style=\"font-size:clamp(2.75rem, 6vw, 3.25rem);line-height:0.5\"><img decoding=\"async\" loading=\"lazy\" width=\"833\" height=\"625\" class=\"wp-image-645\" style=\"width: 300px;\" src=\"http:\/\/waschtag.de\/wp-content\/uploads\/2023\/08\/01_einzelillus-21-Kopie.png\" alt=\"\" srcset=\"https:\/\/waschtag.de\/wp-content\/uploads\/2023\/08\/01_einzelillus-21-Kopie.png 833w, https:\/\/waschtag.de\/wp-content\/uploads\/2023\/08\/01_einzelillus-21-Kopie-300x225.png 300w, https:\/\/waschtag.de\/wp-content\/uploads\/2023\/08\/01_einzelillus-21-Kopie-768x576.png 768w\" sizes=\"(max-width: 833px) 100vw, 833px\" \/><\/h2>\n\n\n\n<h3 class=\"wp-block-heading has-large-font-size\" id=\"falcon\"><strong style=\"font-weight: bold;\">Plattform f\u00fcr digitale <\/strong><strong><strong>Initiativen im IT Service Management<\/strong><\/strong><br><\/h3>\n\n\n\n<p class=\"has-large-font-size\">Einrichtung und Mobilisierung von Workstreams f\u00fcr den Wissens- und Erfolgsaustausch zwischen IT-Initiativen. Erstellung eines Kommunikationsplans, Nachverfolgung der wichtigsten Ergebnisse und Budget-Controlling.<\/p>\n\n\n\n<div style=\"height:16px\" aria-hidden=\"true\" class=\"wp-block-spacer\"><\/div>\n<\/div>\n<\/div>\n\n\n\n<div class=\"wp-block-columns alignwide is-layout-flex wp-container-8 wp-block-columns-is-layout-flex\">\n<div class=\"wp-block-column is-layout-flow wp-block-column-is-layout-flow\">\n<hr class=\"wp-block-separator has-css-opacity is-style-wide\"\/>\n\n\n\n<h2 class=\"wp-block-heading has-text-align-center\" id=\"1\" style=\"font-size:var(--wp--custom--typography--font-size--gigantic, clamp(2.75rem, 6vw, 3.25rem));line-height:0.5\"><img decoding=\"async\" loading=\"lazy\" width=\"833\" height=\"625\" class=\"wp-image-670\" style=\"width: 300px;\" src=\"http:\/\/waschtag.de\/wp-content\/uploads\/2023\/08\/01_einzelillus-66-Kopie.png\" alt=\"\" srcset=\"https:\/\/waschtag.de\/wp-content\/uploads\/2023\/08\/01_einzelillus-66-Kopie.png 833w, https:\/\/waschtag.de\/wp-content\/uploads\/2023\/08\/01_einzelillus-66-Kopie-300x225.png 300w, https:\/\/waschtag.de\/wp-content\/uploads\/2023\/08\/01_einzelillus-66-Kopie-768x576.png 768w\" sizes=\"(max-width: 833px) 100vw, 833px\" \/><\/h2>\n\n\n\n<h3 class=\"wp-block-heading has-large-font-size\" id=\"pigeon\">Responsibility &amp; Task Transfer f\u00fcr den Zusammenschluss von Organisations-Einheiten in der IT<\/h3>\n\n\n\n<p class=\"has-large-font-size\">Projektmanagement unterst\u00fctzt durch ein Jira-Tool f\u00fcr den Zusammenschluss von IT-Teilbereichen aus zwei Konzernen.<\/p>\n<\/div>\n\n\n\n<div class=\"wp-block-column is-layout-flow wp-block-column-is-layout-flow\">\n<hr class=\"wp-block-separator has-css-opacity is-style-wide\"\/>\n\n\n\n<h2 class=\"wp-block-heading has-text-align-center\" id=\"2\" style=\"font-size:clamp(2.75rem, 6vw, 3.25rem);line-height:0.5\"><img decoding=\"async\" loading=\"lazy\" width=\"833\" height=\"625\" class=\"wp-image-672\" style=\"width: 300px;\" src=\"http:\/\/waschtag.de\/wp-content\/uploads\/2023\/08\/01_einzelillus-27-Kopie.png\" alt=\"\" srcset=\"https:\/\/waschtag.de\/wp-content\/uploads\/2023\/08\/01_einzelillus-27-Kopie.png 833w, https:\/\/waschtag.de\/wp-content\/uploads\/2023\/08\/01_einzelillus-27-Kopie-300x225.png 300w, https:\/\/waschtag.de\/wp-content\/uploads\/2023\/08\/01_einzelillus-27-Kopie-768x576.png 768w\" sizes=\"(max-width: 833px) 100vw, 833px\" \/><\/h2>\n\n\n\n<h3 class=\"wp-block-heading has-large-font-size\" id=\"sparrow\"><strong>Project Management Office (PMO) zur Erneuerung von IT-Servicevertr\u00e4gen<\/strong><\/h3>\n\n\n\n<p class=\"has-large-font-size\">Stakeholder-Management und Kommunikations-Planung beginnend mit der IT-Sourcing-Strategie, gefolgt von Verhandlungen mit den beiden gr\u00f6\u00dften Dienstleistern. Vertragswert im hohen 3-stelligen Millionenbereich \u00fcber 5 Jahre.<\/p>\n\n\n\n<div style=\"height:16px\" aria-hidden=\"true\" class=\"wp-block-spacer\"><\/div>\n<\/div>\n\n\n\n<div class=\"wp-block-column is-layout-flow wp-block-column-is-layout-flow\">\n<hr class=\"wp-block-separator has-css-opacity is-style-wide\"\/>\n\n\n\n<h2 class=\"wp-block-heading has-text-align-center\" id=\"3\" style=\"font-size:clamp(2.75rem, 6vw, 3.25rem);line-height:0.5\"><img decoding=\"async\" loading=\"lazy\" width=\"833\" height=\"625\" class=\"wp-image-673\" style=\"width: 300px;\" src=\"http:\/\/waschtag.de\/wp-content\/uploads\/2023\/08\/01_einzelillus-6-Kopie.png\" alt=\"\" srcset=\"https:\/\/waschtag.de\/wp-content\/uploads\/2023\/08\/01_einzelillus-6-Kopie.png 833w, https:\/\/waschtag.de\/wp-content\/uploads\/2023\/08\/01_einzelillus-6-Kopie-300x225.png 300w, https:\/\/waschtag.de\/wp-content\/uploads\/2023\/08\/01_einzelillus-6-Kopie-768x576.png 768w\" sizes=\"(max-width: 833px) 100vw, 833px\" \/><\/h2>\n\n\n\n<h3 class=\"wp-block-heading has-large-font-size\" id=\"falcon\"><strong><strong>IT Knowledge Transfer<\/strong><\/strong> f\u00fcr das Outsourcing von Services<br><\/h3>\n\n\n\n<p class=\"has-large-font-size\">Entwicklung eines systematischen Wissenstransfers f\u00fcr den schrittweisen Outsourcing-Ansatz von Shared IT Services an neue externe Anbieter.<\/p>\n\n\n\n<div style=\"height:16px\" aria-hidden=\"true\" class=\"wp-block-spacer\"><\/div>\n<\/div>\n<\/div>\n","protected":false},"excerpt":{"rendered":"<p>Cases Project Management Office (PMO) zur Verbesserung der operativen Resilienz innerhalb der IT Aufbau und Umsetzung der Projektstandards in einer agilen Projektumgebung zur Unterst\u00fctzung der Projektteams und Fachexperten (u.a. Azure DevOps). Transformation Management Office f\u00fcr eine digitale Offensive (Office365, Prozessmanagement, Signavio) PMO f\u00fcr das \u00fcbergreifende digitale Transformations-programm; Entwicklung von Prozessen &amp; Rollen in Management-Workshops zur [&hellip;]<\/p>\n","protected":false},"author":1,"featured_media":0,"parent":0,"menu_order":0,"comment_status":"closed","ping_status":"closed","template":"d_bpm-cases","meta":{"_themeisle_gutenberg_block_has_review":false,"footnotes":""},"_links":{"self":[{"href":"https:\/\/waschtag.de\/index.php?rest_route=\/wp\/v2\/pages\/921"}],"collection":[{"href":"https:\/\/waschtag.de\/index.php?rest_route=\/wp\/v2\/pages"}],"about":[{"href":"https:\/\/waschtag.de\/index.php?rest_route=\/wp\/v2\/types\/page"}],"author":[{"embeddable":true,"href":"https:\/\/waschtag.de\/index.php?rest_route=\/wp\/v2\/users\/1"}],"replies":[{"embeddable":true,"href":"https:\/\/waschtag.de\/index.php?rest_route=%2Fwp%2Fv2%2Fcomments&post=921"}],"version-history":[{"count":5,"href":"https:\/\/waschtag.de\/index.php?rest_route=\/wp\/v2\/pages\/921\/revisions"}],"predecessor-version":[{"id":979,"href":"https:\/\/waschtag.de\/index.php?rest_route=\/wp\/v2\/pages\/921\/revisions\/979"}],"wp:attachment":[{"href":"https:\/\/waschtag.de\/index.php?rest_route=%2Fwp%2Fv2%2Fmedia&parent=921"}],"curies":[{"name":"wp","href":"https:\/\/api.w.org\/{rel}","templated":true}]}}